{"id":55,"date":"2015-08-17T12:44:50","date_gmt":"2015-08-17T12:44:50","guid":{"rendered":"https:\/\/multimediajournalism.eu\/?page_id=55"},"modified":"2024-12-12T12:59:03","modified_gmt":"2024-12-12T12:59:03","slug":"imprint","status":"publish","type":"page","link":"https:\/\/multimediajournalism.eu\/ukr\/imprint\/","title":{"rendered":"Imprint"},"content":{"rendered":"<div class=\"entry-content\">\n<h2>Inhaltliche und redaktionelle Verantwortung<\/h2>\n<p><strong><span class=\"impressum-first-letter\">F<\/span>HW Fachhochschul-Studieng\u00e4nge Betriebs- und Forschungseinrichtungen<\/strong><br \/>\n<strong>der Wiener Wirtschaft GmbH (FHW GmbH)<\/strong><br \/>\n<strong>W\u00e4hringer G\u00fcrtel 97,\u00a01180 Wien<\/strong><br \/>\n<strong>Tel.: +43 (1) 476 77-5744<\/strong><br \/>\n<strong>Fax: +43 (1) 476 77-5745<\/strong><\/p>\n<p>Studienbereich Journalismus und Medienmanagement<\/p>\n<p><strong>Kontakt:<\/strong>\u00a0<a href=\"mailto:servicepoint@fh-wien.ac.at\">servicepoint@fh-wien.ac.at<\/a><\/p>\n<h2><strong>Informationspflichten und Offenlegungspflichten gem\u00e4\u00df \u00a7 5 E-Commerce-Gesetz, \u00a7 14 Unternehmensgesetzbuch und \u00a7\u00a025 Mediengesetz<\/strong><\/h2>\n<p>FHW Fachhochschul-Studieng\u00e4nge Betriebs- und Forschungseinrichtungen\u00a0der Wiener Wirtschaft GmbH (FHW GmbH)<br \/>\nW\u00e4hringer G\u00fcrtel 97<br \/>\n1180 Wien<br \/>\n<strong>Tel.:<\/strong>\u00a0+43 (1) 476 77-5744<br \/>\n<strong>Fax:<\/strong>\u00a0+43 (1) 476 77-5745<\/p>\n<p><strong>E-Mail:<\/strong>\u00a0<a class=\"mail\" href=\"mailto:servicepoint@fh-wien.ac.at\">servicepoint@fh-wien.ac.at<\/a><\/p>\n<p>Firmenbuchnummer: 141443f<br \/>\nFirmenbuchgericht Wien<br \/>\nUID Nummer: ATU42913406<\/p>\n<h3><strong>Anwendbare Rechtsvorschriften<\/strong><\/h3>\n<p>Fachhochschul-Studiengesetz (FHStG), Hochschul-Qualit\u00e4tssicherungsgesetz (HS-QSG)<br \/>\nGesetze sind zug\u00e4nglich unter:\u00a0<a class=\"external-link-new-window\" href=\"https:\/\/www.ris.bka.gv.at\/\" target=\"_blank\" rel=\"noopener\">www.ris.bka.gv.at<\/a><\/p>\n<h3><strong>Aufsichtsbeh\u00f6rde<\/strong><\/h3>\n<p>Agentur f\u00fcr Qualit\u00e4tssicherung und Akkreditierung Austria im Rahmen des FHStG und des HS-QSG<br \/>\n<a href=\"https:\/\/www.aq.ac.at\/\" target=\"_blank\" rel=\"noopener\">www.aq.ac.at<\/a><\/p>\n<h3><b>Eigent\u00fcmer<\/b><\/h3>\n<p>Wirtschaftskammer Wien (WKW) (50%)<br \/>\nFonds der Wiener Kaufmannschaft (50%)<\/p>\n<h3><b>Unternehmensgegenstand<\/b><\/h3>\n<p>Der Gegenstand des Unternehmens ist die Errichtung und Durchf\u00fchrung von Fachhochschul-Studieng\u00e4ngen die Durchf\u00fchrung von Ma\u00dfnahmen zum Zwecke der Aus- und Weiterbildung und Forschung, die Durchf\u00fchrung aller Gesch\u00e4fte, die mit der Errichtung und dem Betrieb einer Fachhochschule und der Forschung verbunden sind sowie die Beteiligung an gleichartigen Unternehmen; die Durchf\u00fchrung von Forschungen, Seminaren, Schulungen und Abnahme von Pr\u00fcfungen zur Vorbereitung auf die Fachhochschul-Studieng\u00e4nge.<\/p>\n<h3><strong>Grundlegende Richtung<\/strong><\/h3>\n<p>multimediajournalism.eu ist ein unabh\u00e4ngiges, nicht-kommerzielles Informations- und Nachrichtenmedium. Dessen Inhalte werden zu Ausbildungs- und \u00dcbungszwecken im Rahmen von Lehrveranstaltungen am Studienbereich Journalismus &amp; Medienmanagement der FHWien der WKW erstellt und ver\u00f6ffentlicht.<\/p>\n<h3><strong>Haftung und Copyright<\/strong><\/h3>\n<p>S\u00e4mtliche Texte auf multimediajournalism.at wurden sorgf\u00e4ltig gepr\u00fcft. Dessen ungeachtet kann keine Garantie f\u00fcr die Richtigkeit, Vollst\u00e4ndigkeit und Aktualit\u00e4t der Angaben \u00fcbernommen werden. Eine Haftung des Studienbereichs Journalismus &amp; Medienmanagement wird daher ausgeschlossen. Die Links zu anderen Webseiten wurden sorgf\u00e4ltig ausgew\u00e4hlt. Da wir auf deren Inhalt keinen Einfluss haben, \u00fcbernehmen wir daf\u00fcr keine Verantwortung.<\/p>\n<p>\u00a9 Das Copyright liegt bei der FHW GmbH \u2013 Studienbereich Journalismus &amp; Medienmanagement.<\/p>\n<\/div>\n<h2>Datenschutzerkl\u00e4rung f\u00fcr BesucherInnen unserer Website<\/h2>\n<p>Der Schutz Ihrer personenbezogenen Daten ist uns ein besonderes Anliegen. Daher halten wir uns beim Erheben und Verarbeiten Ihrer personenbezogenen Daten streng an die gesetzlichen Vorgaben.<\/p>\n<p>Wir verarbeiten Ihre personenbezogenen Daten ausschlie\u00dflich im Rahmen der Bestimmungen der Europ\u00e4ischen Datenschutzgrundverordnung (DSGVO) sowie der \u00f6sterreichischen datenschutzrechtlichen Bestimmungen, insbesondere des \u00f6sterreichischen Datenschutzgesetzes (DSG). Im Folgenden informieren wir Sie \u00fcber uns sowie \u00fcber Art, Umfang und Zweck der Datenerhebung und -verwendung:<\/p>\n<h3><b>\u00dcber uns<\/b><\/h3>\n<p>Verantwortlicher f\u00fcr die Datenverarbeitung ist die FHW Fachhochschul-Studieng\u00e4nge Betriebs- und Forschungseinrichtungen der Wiener Wirtschaft GmbH (kurz: FHWien der WKW).<br \/>\nAdresse: W\u00e4hringer G\u00fcrtel 97, 1180 Wien, \u00d6sterreich<\/p>\n<p>E-Mail:\u00a0<a href=\"mailto:servicepoint@fh-wien.ac.at\">servicepoint@fh-wien.ac.at<\/a><\/p>\n<p>E-Mail-Adresse f\u00fcr datenschutzrechtliche Belange:<br \/>\n<a href=\"mailto:datenschutz@fh-wien.ac.at\">datenschutz@fh-wien.ac.at<\/a><\/p>\n<h3><b>Erhebung und Verarbeitung von Daten<\/b><\/h3>\n<p>Im Zuge Ihres Besuches dieser Website werden wir folgende Informationen erheben: Das Datum und die Uhrzeit des Aufrufs einer Seite auf unserer Website, Ihre IP-Adresse, Name und Version Ihres Web-Browsers, die Website (URL), die Sie vor dem Aufruf dieser Website besucht haben, bestimmte Cookies (siehe weiter unten) und jene Informationen, die Sie selbst durch Ausf\u00fcllen des Kontaktformulars oder durch Registrierung auf unserer Website zur Verf\u00fcgung stellen.<\/p>\n<p>Es besteht keine Verpflichtung, jene Daten, um deren Angabe wir Sie auf unserer Website bitten, tats\u00e4chlich anzugeben. Wenn Sie dies jedoch nicht tun, wird es Ihnen nicht m\u00f6glich sein, alle Funktionen der Website zu nutzen.<\/p>\n<h3><b>Cookies<\/b><\/h3>\n<p>Auf dieser Website werden sogenannte Cookies verwendet. Ein Cookie ist eine kleine Datei, die auf Ihrem Computer gespeichert werden kann, wenn Sie eine Website besuchen. Grunds\u00e4tzlich werden Cookies verwendet, um NutzerIinnen zus\u00e4tzliche Funktionen auf einer Website zu bieten. Sie k\u00f6nnen zum Beispiel verwendet werden, um Ihnen die Navigation auf einer Website zu erleichtern, es Ihnen zu erm\u00f6glichen, eine Website dort weiter zu verwenden, wo Sie sie veranlassen haben, und\/oder Ihre Pr\u00e4ferenzen und Einstellungen zu speichern, wenn Sie die Website wieder besuchen.<\/p>\n<p>Cookies k\u00f6nnen auf keine anderen Daten auf Ihrem Computer zugreifen, diese lesen oder ver\u00e4ndern. Die meisten der Cookies auf dieser Website sind sogenannte Session-Cookies. Sie werden automatisch gel\u00f6scht, wenn Sie unsere Website wieder verlassen. Dauerhafte Cookies hingegen bleiben auf Ihrem Computer, bis Sie sie manuell in Ihrem Browser l\u00f6schen. Wir verwenden solche dauerhaften Cookies, um Sie wiederzuerkennen, wenn Sie unsere Website das n\u00e4chste Mal besuchen.<\/p>\n<p>Wenn Sie Cookies auf Ihrem Computer kontrollieren wollen, k\u00f6nnen Sie Ihre Browser-Einstellungen so w\u00e4hlen, dass Sie eine Benachrichtigung bekommen, wenn eine Website Cookies speichern will. Sie k\u00f6nnen Cookies auch blockieren oder l\u00f6schen, wenn sie bereits auf Ihrem Computer gespeichert wurden. Wenn Sie mehr dar\u00fcber wissen m\u00f6chten, wie Sie diese Schritte setzen k\u00f6nnen, ben\u00fctzen Sie bitte die \u201eHilfe\u201c-Funktion in Ihrem Browser. Beachten Sie bitte, dass das Blockieren oder L\u00f6schen von Cookies Ihre Online-Erfahrung beeintr\u00e4chtigen und Sie daran hindern k\u00f6nnte, diese Website vollst\u00e4ndig zu nutzen.<\/p>\n<h3><b>Universal Analytics<\/b><\/h3>\n<p>Diese Website benutzt Universal Analytics, einen Webanalyse-Dienst der Google Inc. (\u201eGoogle\u201c).<\/p>\n<p>Universal Analytics verwendet sogenannte Cookies, die eine Analyse der Benutzung der Website erm\u00f6g-lichen. Die durch das Cookie erzeugten Informationen \u00fcber Ihre Benutzung dieser Website werden in der Regel an einen Server von Google in den USA \u00fcbertragen und dort gespeichert. Diese Website verwendet die von Universal Analytics gebotene M\u00f6glichkeit der IP-Anonymisierung. Ihre IP-Adresse wird daher zuvor von Google innerhalb von Mitgliedstaaten der Europ\u00e4ischen Union oder in anderen Vertragsstaaten des Abkommens \u00fcber den Europ\u00e4ischen Wirtschaftsraum gek\u00fcrzt bzw. anonymisiert. Eine klare Zuordnung der IP-Adresse wird dadurch unm\u00f6glich. Nur in Ausnahmef\u00e4llen wird die volle IP-Adresse an einen Server von Google in den USA \u00fcbertragen und dort gek\u00fcrzt. Die im Rahmen von Universal Analytics von Ihrem Browser \u00fcbermittelte IP-Adresse wird nicht mit anderen Daten von Google zusammengef\u00fchrt.<\/p>\n<p>Sie k\u00f6nnen die Speicherung der Cookies durch eine entsprechende Einstellung Ihrer Browser-Software verhindern. Wir weisen jedoch darauf hin, dass Sie in diesem Fall gegebenenfalls nicht s\u00e4mtliche Funktionen dieser Website voll umf\u00e4nglich nutzen werden k\u00f6nnen. Sie k\u00f6nnen dar\u00fcber hinaus die Erfassung der durch das Cookie erzeugten und auf Ihre Nutzung der Website bezogenen Daten an Google sowie die Verarbeitung dieser Daten durch Google verhindern, indem Sie das\u00a0<a class=\"external-link-new-window\" href=\"https:\/\/tools.google.com\/dlpage\/gaoptout?hl=de&amp;safe=strict\" target=\"_blank\" rel=\"noopener\">unter diesem Link verf\u00fcgbare<\/a>\u00a0Browser-Plug-in herunterladen und installieren.<\/p>\n<p>N\u00e4here Informationen zu Nutzungsbedingungen und Datenschutz von Google finden Sie\u00a0<a class=\"external-link-new-window\" href=\"https:\/\/www.google.com\/analytics\/terms\/de.html\" target=\"_blank\" rel=\"noopener\">hier<\/a>.<\/p>\n<h5><a id=\"gaoo-link\" class=\"gaoo-link-activate\"><\/a>Erlaube Google Analytics, mich zu verfolgen<\/h5>\n<p>Rechtsgrundlage der Datenverarbeitung ist unser berechtigtes Interesse gem\u00e4\u00df Art 6 Abs 1 lit f DSGVO, welches darin besteht, die zuvor genannten Zwecke zu erreichen.<\/p>\n<h3><b>\u00dcbermittlungsempf\u00e4nger<\/b><\/h3>\n<p>Zu den zuvor genannten Zwecken werden wir eine Reihe von Daten an folgende Empf\u00e4nger \u00fcbermitteln:<\/p>\n<ul>\n<li>von uns eingesetzte IT-DienstleisterInnen<\/li>\n<li>Google<\/li>\n<\/ul>\n<h3><b>Daten\u00fcbermittlung an ein Drittland<\/b><\/h3>\n<p>Eine Reihe von Daten werden an Google Inc. mit Sitz in den USA f\u00fcr die zuvor genannten Zwecke weiter-gegeben. Dieser Empf\u00e4nger ist nach dem EU-US Privacy Shield Framework zertifiziert. Eine Datenweitergabe ist somit aufgrund des Durchf\u00fchrungsbeschlusses (EU) 2016\/1250 der Europ\u00e4ischen Kommission zul\u00e4ssig. Im \u00dcbrigen werden keine personenbezogenen Daten durch uns an ein Drittland \u00fcbermittelt.<\/p>\n<h3><b>Speicherdauer<\/b><\/h3>\n<p>Die Speicherung der Daten erfolgt bis zum Ablauf der f\u00fcr uns geltenden Gew\u00e4hrleistungs-, Verj\u00e4hrungs- und gesetzlichen Aufbewahrungsfristen, dar\u00fcber hinaus bis zur Beendigung von allf\u00e4lligen Rechtsstreitigkeiten, bei denen die Daten als Beweis ben\u00f6tigt werden.<\/p>\n<h3><b>Ihre Rechte<\/b><\/h3>\n<p>Gem\u00e4\u00df der DSGVO stehen Ihnen als betroffener Person folgende Rechte zu:<\/p>\n<ul>\n<li>Recht auf Auskunft<\/li>\n<li>Recht auf Berichtigung oder L\u00f6schung<\/li>\n<li>Recht auf Einschr\u00e4nkung der Verarbeitung<\/li>\n<li>Recht auf Daten\u00fcbertragbarkeit<\/li>\n<li>Widerspruchsrecht<\/li>\n<\/ul>\n<p>Zur Geltendmachung Ihrer Rechte und bei Fragen wenden Sie sich per E-Mail an:<br \/>\n<a class=\"mail\" href=\"mailto:datenschutz@fh-wien.ac.at\">datenschutz@fh-wien.ac.at<\/a><\/p>\n<p>oder per Brief an:<\/p>\n<p>FHWien der WKW<br \/>\nLegal \/ Datenschutzkoordination<br \/>\nW\u00e4hringer G\u00fcrtel 97<br \/>\n1180 Wien<\/p>\n<h3><b>Rechtsbehelf<\/b><\/h3>\n<p>Als betroffene Person haben Sie das Recht auf Beschwerde bei der Aufsichtsbeh\u00f6rde, wenn Sie der Ansicht sind, dass die Verarbeitung Ihrer personenbezogenen Daten gegen das europ\u00e4ische oder nationale Datenschutzrecht verst\u00f6\u00dft. In \u00d6sterreich ist die Datenschutzbeh\u00f6rde zust\u00e4ndig.<\/p>\n<p>Diese Website benutzt Google Analytics, einen Webanalysedienst der Google Inc. (\u201eGoogle\u201c). Google Analytics verwendet sog. \u201e<span class=\"mytool\"><a href=\"https:\/\/www.ithelps.at\/408-cookie\">Cookies<\/a><\/span>\u201e, Textdateien, die auf Ihrem Computer gespeichert werden und die eine Analyse der Benutzung der Website durch Sie erm\u00f6glichen. Die durch den Cookie erzeugten Informationen \u00fcber Ihre Benutzung dieser Website (einschlie\u00dflich Ihrer\u00a0<span class=\"mytool\"><a href=\"https:\/\/www.ithelps.at\/16-ip-adresse\">IP-Adresse<\/a><\/span>) wird an einen\u00a0<span class=\"mytool\"><a href=\"https:\/\/www.ithelps.at\/10-server\">Server<\/a><\/span>\u00a0von Google in den USA \u00fcbertragen und dort gespeichert. Google wird diese Informationen benutzen, um Ihre Nutzung der Website auszuwerten, um Reports \u00fcber die Websiteaktivit\u00e4ten f\u00fcr die Websitebetreiber zusammenzustellen und um weitere mit der Websitenutzung und der Internetnutzung verbundene Dienstleistungen zu erbringen. Auch wird Google diese Informationen gegebenenfalls an Dritte \u00fcbertragen, sofern dies gesetzlich vorgeschrieben oder soweit Dritte diese Daten im Auftrag von Google verarbeiten. Google wird in keinem Fall Ihre IP-Adresse mit anderen Daten von Google in Verbindung bringen. Sie k\u00f6nnen die Installation der Cookies durch eine entsprechende Einstellung Ihrer\u00a0<span class=\"mytool\"><a href=\"https:\/\/www.ithelps.at\/35-browser\">Browser<\/a><\/span>\u00a0<span class=\"mytool\"><a href=\"https:\/\/www.ithelps.at\/25-software\">Software<\/a><\/span>\u00a0verhindern; wir weisen Sie jedoch darauf hin, dass Sie in diesem Fall gegebenenfalls nicht s\u00e4mtliche Funktionen dieser Website vollumf\u00e4nglich nutzen k\u00f6nnen.<\/p>\n<p>Durch die Nutzung dieser Website erkl\u00e4ren Sie sich mit der Bearbeitung der \u00fcber Sie erhobenen Daten durch Google in der zuvor beschriebenen Art und Weise und zu dem zuvor benannten Zweck einverstanden. Der Datenerhebung und -speicherung kann\u00a0<a href=\"https:\/\/tools.google.com\/dlpage\/gaoptout?hl=de\" target=\"_blank\" rel=\"noopener\">jederzeit mit Wirkung f\u00fcr die Zukunft widersprochen<\/a>\u00a0werden. Angesichts der Diskussion um den Einsatz von Analysetools mit vollst\u00e4ndigen IP-Adressen m\u00f6chten wir darauf hinweisen, dass diese Website Google Analytics mit der Erweiterung \u201e_anonymizeIp()\u201c verwendet und daher IP-Adressen nur gek\u00fcrzt weiterverarbeitet werden, um eine direkte Personenbeziehbarkeit auszuschlie\u00dfen.<\/p>\n<hr \/>\n<div id=\"c2676\" class=\"csc-default\">\n<h1>IMPRINT<\/h1>\n<p><b>DISCLOSURE IN ACCORDANCE WITH AUSTRIAN MEDIA LAW \u00a7 25<\/b><\/p>\n<h3>Content and editorial responsibility<\/h3>\n<p>FHW Fachhochschul-Studieng\u00e4nge Betriebs- und Forschungseinrichtungen<br \/>\nder Wiener Wirtschaft GmbH (FHW GmbH)<br \/>\nW\u00e4hringer G\u00fcrtel 97<br \/>\n1180 Vienna<br \/>\nAustria<br \/>\nTel.: +43 (1) 476 77-5744<br \/>\nFax: +43 (1) 476 77-5745<\/p>\n<p>E-Mail:\u00a0<a class=\"mail\" href=\"mailto:servicepoint@fh-wien.ac.at\">servicepoint@fh-wien.ac.at<\/a><\/p>\n<p>Registration number: 141443f<br \/>\nVienna Commercial Register<br \/>\nUID number: ATU42913406<\/p>\n<\/div>\n<div id=\"c2679\" class=\"csc-default\">\n<p>Supervisory Board: Agency for Quality Assurance and Accreditation Austria based on paragraph 1 of the Act on Quality insurance in Higher Education (\u00a7 1 HS-QSG) (<a class=\"external-link-new-window\" href=\"https:\/\/www.aq.ac.at\/en\/\" target=\"_blank\" rel=\"noopener\">www.aq.ac.at\/en\/<\/a>)<b><\/b><\/p>\n<h3>Media owner<\/h3>\n<p>FHW Fachhochschul-Studieng\u00e4nge Betriebs-und Forschungseinrichtungen der Wiener Wirtschaft GmbH (FHW GmbH)<br \/>\nW\u00e4hringer G\u00fcrtel 97, 1180 Vienna, Austria<\/p>\n<p><b>Legal Authorized Signatory:<br \/>\n<\/b>Carmen Hebauer<b><\/b><\/p>\n<h3>Owners<\/h3>\n<p>Vienna Economic Chamber (Wirtschaftskammer Wien) (50%)<br \/>\nFonds der Wiener Kaufmannschaft (50%)<\/p>\n<h3><b>Corporate Purpose<\/b><\/h3>\n<p>The corporate purpose is to establish and administer university of applied sciences degree programmes, to implement measures for the purpose of education, further education, and research, to conduct all business related to the establishment and administration of a university of applied sciences and associated research programmes as well as participation in organisations of the same kind; the administration of research, seminars, training programmes and university of applied sciences preparatory examinations.<\/p>\n<h3>Basic direction<\/h3>\n<p>multimediajournalism.eu is an independent, non-commercial information and news medium. Its contents are created and published for educational and training purposes within the framework of courses at the Journalism &amp; Media Management Department of the FHWien of the WKW.<\/p>\n<h3>Liability and Copyright<\/h3>\n<p>All texts on multimediajournalism.at have been carefully checked. Nevertheless, no guarantee for the accuracy, completeness and timeliness of the information can be given. A liability of the study area Journalism &amp; Media Management is therefore excluded. The links to other websites have been carefully selected. Since we have no influence on their content, we assume no responsibility for it.<\/p>\n<p>Copyright is held by FHW GmbH &#8211; Department of Journalism &amp; Media Management.<\/p>\n<h3><b>Editorial Policy<\/b><\/h3>\n<p>The website multimediajournalism.eu provides information and services for interested parties, business partners, students, and alumni of FHW GmbH.<\/p>\n<\/div>\n<div id=\"c17103\" class=\"csc-default\">\n<p><span style=\"font-size: 32px; font-weight: 600;\">Liability and Copyrights<\/span><\/p>\n<\/div>\n<div id=\"c7033\" class=\"csc-default\">\n<p>All textual content of the website multimediajournalism.eu are carefully edited. Despite this, we can provide no guarantee for the accuracy, completeness, or current status of information therein. Therefore no liability is assumed by FHW GmbH. Links to other websites are carefully selected. As FHW GmbH has no influence on their content, however, FHW GmbH cannot be held liable for it.<\/p>\n<p>\u00a9 all copyrights are held by FHW GmbH.<\/p>\n<\/div>\n<div id=\"c21290\" class=\"csc-default\">\n<h3>Cookies<\/h3>\n<p>So-called cookies are used on this website. A cookie is a small file that can be stored on your computer when you visit a website. Cookies are generally used to provide users with additional functions on a website. They can be used, for example, to make it easier for you to navigate on a website, to enable you to continue to use a website where you caused it to be used, and\/or to save your preferences and settings when you return to the website.<\/p>\n<p>Cookies cannot access, read or modify other data on your computer. Most of the cookies on this website are so-called session cookies. They are automatically deleted when you leave our website. Persistent cookies, on the other hand, remain on your computer until you manually delete them from your browser. We use such persistent cookies to recognize you the next time you visit our website.<\/p>\n<p>If you want to control cookies on your computer, you can set your browser to notify you when a website wants to save cookies. You can also block or delete cookies if they have already been stored on your computer. If you would like to know more about how to take these steps, please use the &#8220;Help&#8221; function in your browser. Please note that blocking or deleting cookies may affect your online experience and prevent you from using this site to its full extent.<\/p>\n<h3>Universal Analytics<\/h3>\n<p>This website uses Universal Analytics, a web analytics service provided by Google Inc. (&#8220;Google&#8221;).<\/p>\n<p>Universal Analytics uses cookies to help the website analyze how users use the site. The information generated by the cookie about your use of the website will generally be transmitted to and stored by Google on servers in the United States. This website uses the IP anonymisation option offered by Universal Analytics. Your IP address will therefore first be shortened or anonymised by Google within member states of the European Union or in other signatory states to the Agreement on the European Economic Area. This makes a clear allocation of the IP address impossible. Only in exceptional cases is the full IP address transmitted to a Google server in the USA and shortened there. The IP address transmitted by your browser as part of Universal Analytics is not merged with other data from Google.<\/p>\n<p>You can prevent cookies from being saved by making the appropriate settings in your browser software. However, we would like to point out that in this case you may not be able to use all the functions of this website to their full extent. You can also prevent Google from collecting the data generated by the cookie and related to your use of the website and Google from processing this data by downloading and installing the browser plug-in available under this link.<\/p>\n<p>Further information on Google&#8217;s terms of use and data protection can be found here.<\/p>\n<h5>Allow Google Analytics to track me<\/h5>\n<p>The legal basis for data processing is our legitimate interest pursuant to Art. 6 para. 1 lit. f DSGVO, which consists in achieving the aforementioned purposes.<\/p>\n<h3>Recipient<\/h3>\n<p>For the aforementioned purposes, we will transmit a series of data to the following recipients:<\/p>\n<ul>\n<li>IT service providers used by us<\/li>\n<li>Google<\/li>\n<\/ul>\n<h3>Data transfer to a third country<\/h3>\n<p>A number of data will be passed on to Google Inc. based in the USA for the aforementioned purposes. This recipient is certified according to the EU-US Privacy Shield Framework. A data transfer is therefore permitted on the basis of the implementation decision (EU) 2016\/1250 of the European Commission. Otherwise, no personal data will be transferred by us to a third country.<\/p>\n<h3>Storage period<\/h3>\n<p>The data will be stored until the end of the warranty periods, limitation periods and statutory retention periods applicable to us, and also until the end of any legal disputes in which the data is required as evidence.<\/p>\n<h3>Your rights<\/h3>\n<p>According to the DSGVO, you as the person concerned are entitled to the following rights:<\/p>\n<h3>Right to information<\/h3>\n<ul>\n<li>Right of rectification or deletion<\/li>\n<li>Right to limitation of processing<\/li>\n<li>Right to data transferability<\/li>\n<li>Right of objection<\/li>\n<\/ul>\n<p>To assert your rights and if you have any questions, please contact us by e-mail:<br \/>\n<a href=\"mailto:datenschutz@fh-wien.ac.at\">datenschutz@fh-wien.ac.at<\/a><\/p>\n<p>or by letter to:<\/p>\n<p>FHWien der WKW<br \/>\nLegal \/ Datenschutzkoordination<br \/>\nW\u00e4hringer G\u00fcrtel 97<br \/>\n1180 Wien<\/p>\n<h3>Legal remedy<\/h3>\n<p>As a data subject, you have the right to complain to the supervisory authority if you consider that the processing of your personal data violates European or national data protection law. In Austria, the data protection authority is responsible.<\/p>\n<p>This website uses Google Analytics, a web analysis service of Google Inc. (&#8220;Google&#8221;). Google Analytics uses &#8220;cookies&#8221;, which are text files placed on your computer, to help the website analyze how users use the site. The information generated by the cookie about your use of the website (including your IP address) will be transmitted to and stored by Google on servers in the United States. Google will use this information for the purpose of evaluating your use of the website, compiling reports on website activity for website operators and providing other services relating to website activity and internet usage. Google may also transfer this information to third parties where required to do so by law, or where such third parties process the information on Google&#8217;s behalf. Google will not associate your IP address with any other data held by Google. You may refuse the use of cookies by selecting the appropriate settings on your browser, however please note that if you do this you may not be able to use the full functionality of this website.<\/p>\n<p>By using this website, you consent to the processing of data about you by Google in the manner and for the purposes set out above. The collection and storage of data may be revoked at any time with effect for the future. In view of the discussion about the use of analysis tools with complete IP addresses, we would like to point out that this website uses Google Analytics with the extension &#8220;_anonymizeIp()&#8221; and therefore IP addresses are only processed in abbreviated form in order to exclude direct personal references.<\/p>\n<\/div>","protected":false},"excerpt":{"rendered":"<p>Inhaltliche und redaktionelle Verantwortung FHW Fachhochschul-Studieng\u00e4nge Betriebs- und Forschungseinrichtungen der Wiener Wirtschaft GmbH (FHW GmbH) W\u00e4hringer G\u00fcrtel 97,\u00a01180 Wien Tel.: +43 (1) 476 77-5744 Fax: +43 (1) 476 77-5745 Studienbereich Journalismus und Medienmanagement Kontakt:\u00a0servicepoint@fh-wien.ac.at Informationspflichten und Offenlegungspflichten gem\u00e4\u00df \u00a7 5 E-Commerce-Gesetz, \u00a7 14 Unternehmensgesetzbuch und \u00a7\u00a025 Mediengesetz FHW Fachhochschul-Studieng\u00e4nge Betriebs- und Forschungseinrichtungen\u00a0der Wiener Wirtschaft GmbH&hellip;&nbsp;<a href=\"https:\/\/multimediajournalism.eu\/ukr\/imprint\/\" rel=\"bookmark\">\u0427\u0438\u0442\u0430\u0442\u0438 \u0434\u0430\u043b\u0456 &raquo;<span class=\"screen-reader-text\">Imprint<\/span><\/a><\/p>","protected":false},"author":65,"featured_media":0,"parent":0,"menu_order":0,"comment_status":"closed","ping_status":"closed","template":"","meta":{"awp_my_custom_meta":false,"neve_meta_sidebar":"","neve_meta_container":"","neve_meta_enable_content_width":"","neve_meta_content_width":0,"neve_meta_title_alignment":"","neve_meta_author_avatar":"","neve_post_elements_order":"","neve_meta_disable_header":"","neve_meta_disable_footer":"","neve_meta_disable_title":"","_themeisle_gutenberg_block_has_review":false,"footnotes":""},"class_list":["post-55","page","type-page","status-publish","hentry"],"_links":{"self":[{"href":"https:\/\/multimediajournalism.eu\/ukr\/wp-json\/wp\/v2\/pages\/55","targetHints":{"allow":["GET"]}}],"collection":[{"href":"https:\/\/multimediajournalism.eu\/ukr\/wp-json\/wp\/v2\/pages"}],"about":[{"href":"https:\/\/multimediajournalism.eu\/ukr\/wp-json\/wp\/v2\/types\/page"}],"author":[{"embeddable":true,"href":"https:\/\/multimediajournalism.eu\/ukr\/wp-json\/wp\/v2\/users\/65"}],"replies":[{"embeddable":true,"href":"https:\/\/multimediajournalism.eu\/ukr\/wp-json\/wp\/v2\/comments?post=55"}],"version-history":[{"count":5,"href":"https:\/\/multimediajournalism.eu\/ukr\/wp-json\/wp\/v2\/pages\/55\/revisions"}],"predecessor-version":[{"id":985,"href":"https:\/\/multimediajournalism.eu\/ukr\/wp-json\/wp\/v2\/pages\/55\/revisions\/985"}],"wp:attachment":[{"href":"https:\/\/multimediajournalism.eu\/ukr\/wp-json\/wp\/v2\/media?parent=55"}],"curies":[{"name":"wp","href":"https:\/\/api.w.org\/{rel}","templated":true}]}}